{"id":1899,"date":"2014-08-25T12:37:34","date_gmt":"2014-08-25T12:37:34","guid":{"rendered":"http:\/\/plethorathemes.com\/dev\/cleanstart\/?page_id=10"},"modified":"2025-10-22T11:29:16","modified_gmt":"2025-10-22T14:29:16","slug":"home","status":"publish","type":"page","link":"https:\/\/infinityproducoes.com.br\/site\/","title":{"rendered":"Home"},"content":{"rendered":"<div id=\"dslc-theme-content\"><div id=\"dslc-theme-content-inner\"><section id=\"\"  class=\"light following_dark\">  <div class=\"container triangles-of-section\">    <div class=\"triangle-up-left\"><\/div>    <div class=\"square-left\"><\/div>    <div class=\"triangle-up-right\"><\/div>    <div class=\"square-right\"><\/div>  <\/div> <div class=\"container\">  <div class=\"row\"><div class=\"col-md-12  text-default\" ><div class=\"service_teaser vertical\"><div class=\"service_details\"><h2>Solu\u00e7\u00f5es em Comunica\u00e7\u00e3o<\/h2><h6 style=\"text-align: center; padding-left: 60px;\">Com o objetivo de concentrar id\u00e9ias, esfor\u00e7os e recursos, a INFINITY PRODU\u00c7\u00d5ES<br \/>\ntraz criatividade, qualidade e agilidade para a comunica\u00e7\u00e3o empresarial.<\/h6>\n<\/div><\/div><\/div>  <\/div>  <\/div><\/section><section id=\"\"  class=\"light\"> <div class=\"container\">  <div class=\"row\"><div class=\"col-md-4  text-default\" style=\"border-right:1px solid #cccccc;\"><div class='feature_teaser'>\n  <img alt='' src='https:\/\/infinityproducoes.com.br\/site\/wp-content\/uploads\/2019\/01\/audiovisual-1.jpg'>\n  <h3>PRODU\u00c7\u00d5ES AUDIOVISUAIS<\/h3>\n<p><strong>Capta\u00e7\u00e3o e Produ\u00e7\u00e3o profissional de \u00e1udio e v\u00eddeo<\/strong>. Pe\u00e7as publicit\u00e1rias para R\u00e1dio, TV e Internet.V\u00eddeos Corporativos, document\u00e1rios entre outros.<\/p>\n\n<\/div><div class='feature_teaser'>\n  <img alt='' src='https:\/\/infinityproducoes.com.br\/site\/wp-content\/uploads\/2025\/10\/aerea.jpg'>\n  <h3>IMAGENS A\u00c9REAS<\/h3>\n<p><strong>Imagens a\u00e9reas em foto e v\u00eddeo,<\/strong>\u00a0para produ\u00e7\u00f5es audiovisuais e m\u00eddia impressa.<\/p>\n\n<\/div><\/div><div class=\"col-md-4  text-default\" style=\"border-right:1px solid #cccccc;\"><div class='feature_teaser'>\n  <img alt='' src='https:\/\/infinityproducoes.com.br\/site\/wp-content\/uploads\/2019\/01\/servi\u00e7cos-site.jpg'>\n  <h3>DESIGN GR\u00c1FICO<\/h3>\n<p><span style=\"color: #666666;\"><strong>Logotipos, Identidade visual, Desenvolvimento de conceitos e campanhas publicit\u00e1rias,<\/strong> m\u00eddia impressa em geral, editora\u00e7\u00e3o de livros e informativos.\u00a0<\/span><\/p>\n\n<\/div><div class='feature_teaser'>\n  <img alt='' src='https:\/\/infinityproducoes.com.br\/site\/wp-content\/uploads\/2019\/01\/servi\u00e7cos-site-3.jpg'>\n  <h3>WEBSITES<\/h3>\n<p>Desenvolvimento de Websites,<br \/>\nSites Institucionais, HotSites e E-commerce.<\/p>\n\n<\/div><\/div><div class=\"col-md-4  text-default\" ><div class='feature_teaser'>\n  <img alt='' src='https:\/\/infinityproducoes.com.br\/site\/wp-content\/uploads\/2019\/01\/servi\u00e7cos-site-2.jpg'>\n  <h3>Produ\u00e7\u00e3o em 360\u00b0<\/h3>\n<p><span style=\"color: #666666;\"><strong>Foto e V\u00eddeo em 360\u00b0<\/strong>, Produ\u00e7\u00e3o digital, impressa e cobertura de eventos. Produ\u00e7\u00e3o de conte\u00fado imobili\u00e1rio, <strong>Tour Virtual<\/strong> para sites e integra\u00e7\u00e3o com <strong>Google Street View e\u00a0 VR.\u00a0<\/strong><\/span><\/p>\n\n<\/div><div class='feature_teaser'>\n  <img alt='' src='https:\/\/infinityproducoes.com.br\/site\/wp-content\/uploads\/2019\/01\/redes.jpg'>\n  <h3>Redes Sociais<\/h3>\n<p><span style=\"color: #666666;\"><strong>Cria\u00e7\u00e3o de Conte\u00fado,<\/strong> produ\u00e7\u00e3o de campanhas e <strong>gerenciamento<\/strong> de redes sociais.\u00a0<\/span><\/p>\n\n<\/div><\/div>  <\/div>  <\/div><\/section><section id=\"\"  class=\"light\"> <div class=\"container\">  <div class=\"row\"><div class=\"col-md-12  text-default\" >[vc_text_separator title=&#8221;Destaques e Novidades&#8221; color=&#8221;custom&#8221; style=&#8221;double&#8221; el_width=&#8221;80&#8243; css_animation=&#8221;fadeInUp&#8221; accent_color=&#8221;#c4c4c4&#8243;]<!-- POSTS GRID --><div class=\"portfolio_strict\">\n                    <div class=\"row isotope_portfolio_container\" id=\"cont_2522\">\n<div class=\"campanhapublicitria produesaudiovisuais col-xs-12 col-sm-6 col-md-4 col-lg-4\">\n     <div class=\"portfolio_item\">\n       <a href=\"https:\/\/infinityproducoes.com.br\/site\/investimentos-gnv-3-2-2\/\">\n          <figure style=\"background-image:url(https:\/\/infinityproducoes.com.br\/site\/wp-content\/uploads\/2023\/03\/IMAGEM-PARA-MINIATURA-DO-VIDEO-FILE-MINIMIZADO-1024x576.jpg)\">\n               <figcaption>\n                 <div class=\"portfolio_description\">\n                    <h3>Campanha Verifique os Fatos<\/h3>\n                    <span class=\"cross\"><\/span>\n                    <p>Campanha Publicit\u00e1ria Produ\u00e7\u00f5es Audiovisuais <\/p>\n                 <\/div>\n               <\/figcaption>\n          <\/figure>\n       <\/a>\n      <\/div>\n<\/div>\n<div class=\"campanhapublicitria designgrfico produesaudiovisuais redessociais col-xs-12 col-sm-6 col-md-4 col-lg-4\">\n     <div class=\"portfolio_item\">\n       <a href=\"https:\/\/infinityproducoes.com.br\/site\/investimentos-gnv-3\/\">\n          <figure style=\"background-image:url(https:\/\/infinityproducoes.com.br\/site\/wp-content\/uploads\/2019\/02\/apae1-1024x1024.jpg)\">\n               <figcaption>\n                 <div class=\"portfolio_description\">\n                    <h3>22 Ol\u00edmpiada Estadual das APAES de SC<\/h3>\n                    <span class=\"cross\"><\/span>\n                    <p>Campanha Publicit\u00e1ria Design Gr\u00e1fico Produ\u00e7\u00f5es Audiovisuais Redes Sociais <\/p>\n                 <\/div>\n               <\/figcaption>\n          <\/figure>\n       <\/a>\n      <\/div>\n<\/div>\n<div class=\"produo360 produesaudiovisuais col-xs-12 col-sm-6 col-md-4 col-lg-4\">\n     <div class=\"portfolio_item\">\n       <a href=\"https:\/\/infinityproducoes.com.br\/site\/3008-2\/\">\n          <figure style=\"background-image:url(https:\/\/infinityproducoes.com.br\/site\/wp-content\/uploads\/2021\/04\/thum-1024x605.jpg)\">\n               <figcaption>\n                 <div class=\"portfolio_description\">\n                    <h3>Medicina Veterin\u00e1ria UDESC &#8211; Lages<\/h3>\n                    <span class=\"cross\"><\/span>\n                    <p>Produ\u00e7\u00e3o 360\u00b0 Produ\u00e7\u00f5es Audiovisuais <\/p>\n                 <\/div>\n               <\/figcaption>\n          <\/figure>\n       <\/a>\n      <\/div>\n<\/div>\n                    <\/div>\n<\/div>\n<!-- \/POSTS GRID -->\r\n<script>\r\n\r\njQuery(function() {\r\n\r\n  \"use strict\"; \r\n\r\n  var container = jQuery('#cont_2522'); \r\n  var filt      = jQuery('#filt_2522 a'); \r\n      filt.eq(0).addClass('active'); \r\n\r\n  var selector = filt.eq(0).attr('data-filter'); \r\n  window.onload = function(){\r\n    container.isotope({ filter: selector });\r\n  }\r\n\r\n  \/\/ filt.find(\"a[data-filter=\"*\"]\").addClass('active'); \r\n\r\n\r\n  filt.click(function(){ \r\n\r\n    filt.removeClass('active'); \r\n    jQuery(this).addClass('active'); \r\n    selector = jQuery(this).attr('data-filter'); \r\n    container.isotope({ filter: selector }); \r\n    return false; \r\n\r\n  }); \r\n\r\n  jQuery(window).resize(function() {\r\n\r\n        container.isotope({});\r\n\r\n  });\r\n\r\n}); \r\n\r\n\r\n<\/script>\r\n<\/div>  <\/div>  <\/div><\/section>\n<\/div><\/div>","protected":false},"excerpt":{"rendered":"\ufeff\ufeff V\u00eddeo produzido em 360\u00b0 sobre o curso de Medicina Veterin\u00e1ria da Universidade de Santa Catarina - UDESC LAGES","protected":false},"author":1,"featured_media":1957,"parent":0,"menu_order":1,"comment_status":"closed","ping_status":"closed","template":"","meta":{"_joinchat":[],"footnotes":""},"class_list":["post-1899","page","type-page","status-publish","has-post-thumbnail","hentry"],"_links":{"self":[{"href":"https:\/\/infinityproducoes.com.br\/site\/wp-json\/wp\/v2\/pages\/1899","targetHints":{"allow":["GET"]}}],"collection":[{"href":"https:\/\/infinityproducoes.com.br\/site\/wp-json\/wp\/v2\/pages"}],"about":[{"href":"https:\/\/infinityproducoes.com.br\/site\/wp-json\/wp\/v2\/types\/page"}],"author":[{"embeddable":true,"href":"https:\/\/infinityproducoes.com.br\/site\/wp-json\/wp\/v2\/users\/1"}],"replies":[{"embeddable":true,"href":"https:\/\/infinityproducoes.com.br\/site\/wp-json\/wp\/v2\/comments?post=1899"}],"version-history":[{"count":88,"href":"https:\/\/infinityproducoes.com.br\/site\/wp-json\/wp\/v2\/pages\/1899\/revisions"}],"predecessor-version":[{"id":3187,"href":"https:\/\/infinityproducoes.com.br\/site\/wp-json\/wp\/v2\/pages\/1899\/revisions\/3187"}],"wp:featuredmedia":[{"embeddable":true,"href":"https:\/\/infinityproducoes.com.br\/site\/wp-json\/wp\/v2\/media\/1957"}],"wp:attachment":[{"href":"https:\/\/infinityproducoes.com.br\/site\/wp-json\/wp\/v2\/media?parent=1899"}],"curies":[{"name":"wp","href":"https:\/\/api.w.org\/{rel}","templated":true}]}}