{"id":1900,"date":"2014-08-25T12:39:08","date_gmt":"2014-08-25T12:39:08","guid":{"rendered":"http:\/\/plethorathemes.com\/dev\/cleanstart\/?page_id=12"},"modified":"2019-03-06T11:15:51","modified_gmt":"2019-03-06T14:15:51","slug":"sobre","status":"publish","type":"page","link":"https:\/\/infinityproducoes.com.br\/site\/sobre\/","title":{"rendered":"Infinity Produ\u00e7\u00f5es"},"content":{"rendered":"<div id=\"dslc-theme-content\"><div id=\"dslc-theme-content-inner\"><section id=\"\"  class=\"light\"> <div class=\"container\">  <div class=\"row\"><div class=\"col-md-12  text-default\" >   <div class=\"row\"><div class=\"col-md-6  text-default\">[vc_column_text css_animation=&#8221;bounceIn&#8221;]<\/p>\n<div class=\"column one-second\">\n<h3>Solu\u00e7\u00f5es em Comunica\u00e7\u00e3o<\/h3>\n<p><strong>Desde o ano de 2000 a Infinity Produ\u00e7\u00f5es, localizada em Lages \u2013 Santa Catarina, oferece solu\u00e7\u00f5es que geram valor para marcas, produtos e servi\u00e7os, conquistando assim seu p\u00fablico-alvo.<\/strong><\/p>\n<p><strong>Com ampla estrutura, executamos atividades de cria\u00e7\u00e3o e produ\u00e7\u00e3o, integrando processos com agilidade e efici\u00eancia.<\/strong><\/p>\n<ul class=\"list_check\">\n<li>Cria\u00e7\u00e3o de Logotipos, Identidade Visual e impressos;<\/li>\n<li>Produ\u00e7\u00e3o Audiovisual Corporativa para R\u00e1dio, TV e Endomarketing;<\/li>\n<li>Desenvolvimento de Websites e Gerenciamento de Redes Sociais;<\/li>\n<li>Capta\u00e7\u00e3o de Imagens em Est\u00fadio, Externas e A\u00e9reas;<\/li>\n<li>Capta\u00e7\u00e3o em\u00a0 360\u00b0 e Tour Virtual 360\u00b0.<\/li>\n<\/ul>\n<\/div>\n<p>[\/vc_column_text]<\/div><div class=\"col-md-6  text-default\">[vc_video link=&#8221;https:\/\/youtu.be\/ToDWQLeqlZU&#8221;]<\/div>    <\/div><\/div>  <\/div>  <\/div><\/section><div class=\"col-md-12  text-default\" ><\/div>\n<\/div><\/div>","protected":false},"excerpt":{"rendered":"[vc_column_text css_animation=\"bounceIn\"] Solu\u00e7\u00f5es em Comunica\u00e7\u00e3o Desde o ano de 2000 a Infinity Produ\u00e7\u00f5es, localizada em Lages \u2013 Santa Catarina, oferece solu\u00e7\u00f5es que geram valor para marcas, produtos e servi\u00e7os, conquistando assim seu p\u00fablico-alvo. Com ampla estrutura, executamos atividades de cria\u00e7\u00e3o e produ\u00e7\u00e3o, integrando processos com agilidade e efici\u00eancia. Cria\u00e7\u00e3o de Logotipos, Identidade Visual e impressos; [...]","protected":false},"author":1,"featured_media":2266,"parent":0,"menu_order":2,"comment_status":"closed","ping_status":"closed","template":"","meta":{"_joinchat":[],"footnotes":""},"class_list":["post-1900","page","type-page","status-publish","has-post-thumbnail","hentry"],"_links":{"self":[{"href":"https:\/\/infinityproducoes.com.br\/site\/wp-json\/wp\/v2\/pages\/1900","targetHints":{"allow":["GET"]}}],"collection":[{"href":"https:\/\/infinityproducoes.com.br\/site\/wp-json\/wp\/v2\/pages"}],"about":[{"href":"https:\/\/infinityproducoes.com.br\/site\/wp-json\/wp\/v2\/types\/page"}],"author":[{"embeddable":true,"href":"https:\/\/infinityproducoes.com.br\/site\/wp-json\/wp\/v2\/users\/1"}],"replies":[{"embeddable":true,"href":"https:\/\/infinityproducoes.com.br\/site\/wp-json\/wp\/v2\/comments?post=1900"}],"version-history":[{"count":63,"href":"https:\/\/infinityproducoes.com.br\/site\/wp-json\/wp\/v2\/pages\/1900\/revisions"}],"predecessor-version":[{"id":2856,"href":"https:\/\/infinityproducoes.com.br\/site\/wp-json\/wp\/v2\/pages\/1900\/revisions\/2856"}],"wp:featuredmedia":[{"embeddable":true,"href":"https:\/\/infinityproducoes.com.br\/site\/wp-json\/wp\/v2\/media\/2266"}],"wp:attachment":[{"href":"https:\/\/infinityproducoes.com.br\/site\/wp-json\/wp\/v2\/media?parent=1900"}],"curies":[{"name":"wp","href":"https:\/\/api.w.org\/{rel}","templated":true}]}}